{"id":10,"date":"2023-04-16T22:39:33","date_gmt":"2023-04-16T22:39:33","guid":{"rendered":"https:\/\/surfshop.alwaysdata.net\/?page_id=10"},"modified":"2023-04-16T23:45:02","modified_gmt":"2023-04-16T23:45:02","slug":"contact","status":"publish","type":"page","link":"https:\/\/surfshop.alwaysdata.net\/index.php\/contact\/","title":{"rendered":"Contact"},"content":{"rendered":"\n<p>SurfShop adore l&#8217;int\u00e9r\u00eat que vous y manifest\u00e9.<\/p>\n\n\n\n<p>N&#8217;h\u00e9sitez pas \u00e0 conter <strong>vince <\/strong>pour repousser vos limites !<\/p>\n","protected":false},"excerpt":{"rendered":"<p>SurfShop adore l&#8217;int\u00e9r\u00eat que vous y manifest\u00e9. N&#8217;h\u00e9sitez pas \u00e0 conter vince pour repousser vos limites !<\/p>\n","protected":false},"author":1,"featured_media":51,"parent":0,"menu_order":0,"comment_status":"closed","ping_status":"closed","template":"","meta":[],"_links":{"self":[{"href":"https:\/\/surfshop.alwaysdata.net\/index.php\/wp-json\/wp\/v2\/pages\/10"}],"collection":[{"href":"https:\/\/surfshop.alwaysdata.net\/index.php\/wp-json\/wp\/v2\/pages"}],"about":[{"href":"https:\/\/surfshop.alwaysdata.net\/index.php\/wp-json\/wp\/v2\/types\/page"}],"author":[{"embeddable":true,"href":"https:\/\/surfshop.alwaysdata.net\/index.php\/wp-json\/wp\/v2\/users\/1"}],"replies":[{"embeddable":true,"href":"https:\/\/surfshop.alwaysdata.net\/index.php\/wp-json\/wp\/v2\/comments?post=10"}],"version-history":[{"count":2,"href":"https:\/\/surfshop.alwaysdata.net\/index.php\/wp-json\/wp\/v2\/pages\/10\/revisions"}],"predecessor-version":[{"id":33,"href":"https:\/\/surfshop.alwaysdata.net\/index.php\/wp-json\/wp\/v2\/pages\/10\/revisions\/33"}],"wp:featuredmedia":[{"embeddable":true,"href":"https:\/\/surfshop.alwaysdata.net\/index.php\/wp-json\/wp\/v2\/media\/51"}],"wp:attachment":[{"href":"https:\/\/surfshop.alwaysdata.net\/index.php\/wp-json\/wp\/v2\/media?parent=10"}],"curies":[{"name":"wp","href":"https:\/\/api.w.org\/{rel}","templated":true}]}}