{"id":9,"date":"2023-04-16T22:39:33","date_gmt":"2023-04-16T22:39:33","guid":{"rendered":"https:\/\/surfshop.alwaysdata.net\/?page_id=9"},"modified":"2023-04-16T23:52:35","modified_gmt":"2023-04-16T23:52:35","slug":"about","status":"publish","type":"page","link":"https:\/\/surfshop.alwaysdata.net\/index.php\/about\/","title":{"rendered":"About"},"content":{"rendered":"\n<p>Le <strong>surf <\/strong>: Les marins britanniques sont les premiers \u00e0 d\u00e9crire les&nbsp;<strong>surfeurs hawa\u00efens<\/strong>&nbsp;aux XVIII\u00e8me si\u00e8cle, mais les \u00eeliens pratiquaient probablement depuis au moins le XIV\u00e8me si\u00e8cle. A cette \u00e9poque, les&nbsp;<strong>planches de surf<\/strong>&nbsp;mesurent entre 3 et 5 m de long, n\u2019ont pas d\u2019aileron et se rident allong\u00e9, \u00e0 genoux ou debout pour les plus dou\u00e9s. Le surf est alors plus une culture et un art qu\u2019un sport.<\/p>\n","protected":false},"excerpt":{"rendered":"<p>Le surf : Les marins britanniques sont les premiers \u00e0 d\u00e9crire les&nbsp;surfeurs hawa\u00efens&nbsp;aux XVIII\u00e8me si\u00e8cle, mais les \u00eeliens pratiquaient probablement depuis au moins le XIV\u00e8me si\u00e8cle. A cette \u00e9poque, les&nbsp;planches de surf&nbsp;mesurent entre 3 et 5 m de long, n\u2019ont pas d\u2019aileron et se rident allong\u00e9, \u00e0 genoux ou debout pour les plus dou\u00e9s. Le &hellip; <\/p>\n<p class=\"link-more\"><a href=\"https:\/\/surfshop.alwaysdata.net\/index.php\/about\/\" class=\"more-link\">Continue reading<span class=\"screen-reader-text\"> &#8220;About&#8221;<\/span><\/a><\/p>\n","protected":false},"author":1,"featured_media":5,"parent":0,"menu_order":0,"comment_status":"closed","ping_status":"closed","template":"","meta":[],"_links":{"self":[{"href":"https:\/\/surfshop.alwaysdata.net\/index.php\/wp-json\/wp\/v2\/pages\/9"}],"collection":[{"href":"https:\/\/surfshop.alwaysdata.net\/index.php\/wp-json\/wp\/v2\/pages"}],"about":[{"href":"https:\/\/surfshop.alwaysdata.net\/index.php\/wp-json\/wp\/v2\/types\/page"}],"author":[{"embeddable":true,"href":"https:\/\/surfshop.alwaysdata.net\/index.php\/wp-json\/wp\/v2\/users\/1"}],"replies":[{"embeddable":true,"href":"https:\/\/surfshop.alwaysdata.net\/index.php\/wp-json\/wp\/v2\/comments?post=9"}],"version-history":[{"count":3,"href":"https:\/\/surfshop.alwaysdata.net\/index.php\/wp-json\/wp\/v2\/pages\/9\/revisions"}],"predecessor-version":[{"id":52,"href":"https:\/\/surfshop.alwaysdata.net\/index.php\/wp-json\/wp\/v2\/pages\/9\/revisions\/52"}],"wp:featuredmedia":[{"embeddable":true,"href":"https:\/\/surfshop.alwaysdata.net\/index.php\/wp-json\/wp\/v2\/media\/5"}],"wp:attachment":[{"href":"https:\/\/surfshop.alwaysdata.net\/index.php\/wp-json\/wp\/v2\/media?parent=9"}],"curies":[{"name":"wp","href":"https:\/\/api.w.org\/{rel}","templated":true}]}}